{"id":457,"date":"2025-05-27T11:42:06","date_gmt":"2025-05-27T09:42:06","guid":{"rendered":"https:\/\/www.gocciablu.it\/?page_id=457"},"modified":"2025-05-27T12:17:47","modified_gmt":"2025-05-27T10:17:47","slug":"privacy-policy","status":"publish","type":"page","link":"https:\/\/www.gocciablu.it\/en\/privacy-policy\/","title":{"rendered":"Privacy policy"},"content":{"rendered":"<div data-elementor-type=\"wp-page\" data-elementor-id=\"457\" class=\"elementor elementor-457\" data-elementor-post-type=\"page\">\n\t\t\t\t<div class=\"elementor-element elementor-element-9adeeec e-flex e-con-boxed e-con e-parent\" data-id=\"9adeeec\" data-element_type=\"container\" data-e-type=\"container\" data-settings=\"{&quot;background_background&quot;:&quot;classic&quot;}\">\n\t\t\t\t\t<div class=\"e-con-inner\">\n\t\t\t\t<div class=\"elementor-element elementor-element-03e52db elementor-widget__width-inherit elementor-widget-mobile__width-inherit elementor-widget elementor-widget-heading\" data-id=\"03e52db\" data-element_type=\"widget\" data-e-type=\"widget\" data-widget_type=\"heading.default\">\n\t\t\t\t<div class=\"elementor-widget-container\">\n\t\t\t\t\t<h2 class=\"elementor-heading-title elementor-size-default translation-block\"><strong>Information<\/strong> for customers and suppliers<\/h2>\t\t\t\t<\/div>\n\t\t\t\t<\/div>\n\t\t\t\t<div class=\"elementor-element elementor-element-874e143 elementor-widget__width-initial elementor-widget elementor-widget-text-editor\" data-id=\"874e143\" data-element_type=\"widget\" data-e-type=\"widget\" data-widget_type=\"text-editor.default\">\n\t\t\t\t<div class=\"elementor-widget-container\">\n\t\t\t\t\t\t\t\t\t<p>INFORMATION for the PROCESSING OF PERSONAL DATA (art. 13 European Regulation 2016\/679)<\/p>\t\t\t\t\t\t\t\t<\/div>\n\t\t\t\t<\/div>\n\t\t\t\t\t<\/div>\n\t\t\t\t<\/div>\n\t\t<div class=\"elementor-element elementor-element-20fc0df e-flex e-con-boxed e-con e-parent\" data-id=\"20fc0df\" data-element_type=\"container\" data-e-type=\"container\">\n\t\t\t\t\t<div class=\"e-con-inner\">\n\t\t\t\t<div class=\"elementor-element elementor-element-218062b elementor-widget elementor-widget-text-editor\" data-id=\"218062b\" data-element_type=\"widget\" data-e-type=\"widget\" data-widget_type=\"text-editor.default\">\n\t\t\t\t<div class=\"elementor-widget-container\">\n\t\t\t\t\t\t\t\t\t<p><strong>Data Controller\u2019s identity and contact details<\/strong><br \/>Data Controller is TOGNI SpA company, based in Serra San Quirico (AN), Via Leonardo da Vinci no. 1 .<br \/>For any matters regarding the processing of personal data, please send an e-mail to: info@togni or call: 0731\/8191.<br \/>\u00a0<br \/><strong>Purposes and legal basis of data processing<\/strong><br \/>Your personal data is processed in compliance with the principles of correctness, lawfulness and transparency for the performance of obligations arising from existing contract \/ pre-contractual agreement or during stipulation thereof, including payments, and for the fulfilment of legal obligations arising from civil, tax, accounting regulations, to allow effective administrative management and resulting financial and commercial relationship purposes, as well as for customer and supplier relationship activities in the performance of the contractual \/ pre-contractual relation.<br \/>The legal basis for data processing concerns the performance of a contract, where the data subject acts as a party, or the performance of pre-contractual measures, as well as the fulfillment of legal obligations.<br \/>\u00a0<br \/><strong>Personal data recipients<\/strong><br \/>Processing of your personal data will be carried out by our in-company personnel duly authorized and, on our behalf, by third party subjects formally appointed by us as Data Processors.<br \/>Within the aforementioned scopes and purposes, please note that your personal data may be communicated on paper and \/ or electronic format to the following categories of recipients:<\/p><ul><li>Third parties manufacturing goods and \/ or providing services<\/li><li>Third party - transporters and couriers for product delivery and correspondence<\/li><li>Administrations and public bodies<\/li><li>Consulting company<\/li><li>Insurance company, debt collection company<\/li><li>Freelancers in legal and commercial fields<\/li><li>IT system operators<\/li><\/ul><p>Any other subjects (companies, freelancers, self-employed, etc.) interfacing with Togni spa in goods and services supply related matters.<br \/>\u00a0<br \/><strong>Personal data mandatory \/optional provision<\/strong><br \/>The provision of your personal data is mandatory for the management of contractual \/ pre-contractual relations; therefore, failure to communicate or incomplete provision of your personal data will prevent contractual relations from being established.<br \/>\u00a0<br \/><strong>Data retention period<\/strong><br \/>Your personal data shall be stored for the time necessary to achieve the purposes for which it was collected, and will be kept for the entire duration of the contractual relationship.<br \/>It may also be retained even after relationship termination for all the time necessary to cancel any obligations deriving from the contract and to perform any relevant fulfilment required by current legislation.<br \/>\u00a0<br \/><strong>Data subject's right<\/strong><br \/>You are entitled to contact Data Controller at the abovementioned contact details for access to your personal data, rectification, deletion, restriction or opposition to data processing, as well as for data portability.<br \/>\u00a0<br \/><strong>Right to lodge a complaint with the Supervisory Authority<\/strong><br \/>Should you deem the processing of your personal data not to be compliant with Regulation 679\/2016, then you shall be entitled to lodge a complaint with the Data Protection Authority.<\/p>\t\t\t\t\t\t\t\t<\/div>\n\t\t\t\t<\/div>\n\t\t\t\t\t<\/div>\n\t\t\t\t<\/div>\n\t\t\t\t<\/div>","protected":false},"excerpt":{"rendered":"<p>Informativa clienti e fornitori INFORMATIVA per il TRATTAMENTO DI DATI PERSONALI (art. 13 Regolamento Europeo 2016\/679) Identit\u00e0 e dati di contatto del titolare del trattamentoIl Titolare del trattamento \u00e8 la societ\u00e0 Togni SpA con sede a Serra San Quirico (AN) in Via Leonardo da Vinci n. 1Per qualsiasi necessit\u00e0 in materia di trattamento dei dati [&hellip;]<\/p>\n","protected":false},"author":1,"featured_media":0,"parent":0,"menu_order":0,"comment_status":"closed","ping_status":"closed","template":"","meta":{"_acf_changed":false,"footnotes":""},"class_list":["post-457","page","type-page","status-publish","hentry"],"acf":[],"_links":{"self":[{"href":"https:\/\/www.gocciablu.it\/en\/wp-json\/wp\/v2\/pages\/457","targetHints":{"allow":["GET"]}}],"collection":[{"href":"https:\/\/www.gocciablu.it\/en\/wp-json\/wp\/v2\/pages"}],"about":[{"href":"https:\/\/www.gocciablu.it\/en\/wp-json\/wp\/v2\/types\/page"}],"author":[{"embeddable":true,"href":"https:\/\/www.gocciablu.it\/en\/wp-json\/wp\/v2\/users\/1"}],"replies":[{"embeddable":true,"href":"https:\/\/www.gocciablu.it\/en\/wp-json\/wp\/v2\/comments?post=457"}],"version-history":[{"count":7,"href":"https:\/\/www.gocciablu.it\/en\/wp-json\/wp\/v2\/pages\/457\/revisions"}],"predecessor-version":[{"id":481,"href":"https:\/\/www.gocciablu.it\/en\/wp-json\/wp\/v2\/pages\/457\/revisions\/481"}],"wp:attachment":[{"href":"https:\/\/www.gocciablu.it\/en\/wp-json\/wp\/v2\/media?parent=457"}],"curies":[{"name":"wp","href":"https:\/\/api.w.org\/{rel}","templated":true}]}}